{"id":3303,"date":"2023-02-13T22:41:28","date_gmt":"2023-02-13T22:41:28","guid":{"rendered":"https:\/\/www.fbycc.org\/?page_id=3303"},"modified":"2023-04-20T10:53:21","modified_gmt":"2023-04-20T10:53:21","slug":"evento-soluciones-climaticas-forestales","status":"publish","type":"page","link":"https:\/\/www.fbycc.org\/index.php\/jornadas\/evento-soluciones-climaticas-forestales\/","title":{"rendered":"Evento 16 de marzo.    &#8216;SOLUCIONES CLIM\u00c1TICAS FORESTALES&#8217;"},"content":{"rendered":"<div class=\"tx-vslider\" data-vslider-height=\"24\" data-vslider-reduct=\"0\" ><div class=\"tx-imagebg\" style=\" background-image: url(); background-position: center center; background-repeat: no-repeat; background-attachment: scroll; background-size: cover;\"><\/div><div class=\"tx-video-background\"><div class=\"tx-vslider-content pixel pattern\"><div class=\"content-wrap\" style=\"text-align: center;\"><h2 class=\"vslider-title\">SOLUCIONES CLIM\u00c1TICAS FORESTALES<\/h2><div class=\"clear\"><\/div><\/div><\/div><div class=\"tx-video-foreground\"><iframe src=\"https:\/\/www.youtube.com\/embed\/r2iSIrb97k8?controls=0&amp;showinfo=0&amp;rel=0&amp;autoplay=1&amp;loop=1&amp;mute=1&amp;playlist=r2iSIrb97k8\" frameborder=\"0\" mute=1 allow=\"autoplay\" allowfullscreen><\/iframe><\/div><\/div><\/div> <!-- tx-tx-vslider\" -->\n<p>&nbsp;<\/p>\n<p style=\"text-align: center;\"><span style=\"color: #000000; font-size: 24pt;\"><strong>Los bosques <\/strong><\/span><strong style=\"color: #000000; font-size: 24pt;\">espa\u00f1oles: <\/strong><strong style=\"color: #000000; font-size: 24pt;\">Sumideros de carbono para<br \/>\nla neutralidad clim\u00e1tica empresarial<\/strong><\/p>\n<p style=\"text-align: justify;\"><span style=\"color: #000000; font-size: 14pt;\">El objetivo de esta jornada es dar a conocer la importancia de los bosques y las\u00a0oportunidades que ofrece la gesti\u00f3n forestal en Espa\u00f1a en la lucha contra el cambio clim\u00e1tico, y la compensaci\u00f3n de emisiones de gases de efecto invernadero (GEI). As\u00ed como su contribuci\u00f3n a todos los aspectos asociados a la Sostenibilidad\/RSC empresarial, que trascienden entornos \u00e9ticos, sociales y econ\u00f3micos.<\/span><\/p>\n<p><img loading=\"lazy\" decoding=\"async\" class=\"alignright wp-image-3348\" style=\"color: #000000; text-align: justify;\" src=\"https:\/\/www.fbycc.org\/wp-content\/uploads\/2023\/02\/plantula-297x300.jpg\" alt=\"\" width=\"220\" height=\"223\" srcset=\"https:\/\/www.fbycc.org\/wp-content\/uploads\/2023\/02\/plantula-297x300.jpg 297w, https:\/\/www.fbycc.org\/wp-content\/uploads\/2023\/02\/plantula-50x50.jpg 50w, https:\/\/www.fbycc.org\/wp-content\/uploads\/2023\/02\/plantula.jpg 430w\" sizes=\"auto, (max-width: 220px) 100vw, 220px\" \/><\/p>\n<p style=\"text-align: justify;\"><span style=\"color: #000000; font-size: 14pt;\">Se plantea una jornada en la que los asistentes puedan obtener a trav\u00e9s de tres mesas de ponentes y diferentes casos sobre el terreno, una idea clara y sencilla de las soluciones pr\u00e1cticas que ofrece el mundo forestal al \u00e1mbito empresarial en su transici\u00f3n hacia la sostenibilidad en su triple balance: ambiental, social y econ\u00f3mica.<\/span><\/p>\n<p style=\"text-align: center;\"><span style=\"color: #000000; font-size: 14pt;\"><strong>Asistencia gratuita previa inscripci\u00f3n<\/strong><\/span><\/p>\n<p style=\"padding-left: 40px; text-align: justify;\"><span style=\"font-size: 14pt;\"><strong><span style=\"color: #669900;\">Perfil de los asistentes:<\/span><\/strong> <span style=\"color: #000000;\">Alta direcci\u00f3n empresarial y responsables de\u00a0 Sostenibilidad\/RSC, de sectores que se encuentran sensibilizados con la <\/span><\/span><span style=\"color: #000000; font-size: 14pt;\">compensaci\u00f3n voluntaria de huella de carbono, o en un futuro pr\u00f3ximo, bajo los mercados regulados de carbono, en base a las pol\u00edticas de mitigaci\u00f3n y compensaci\u00f3n de GEI definidas por la UE y que est\u00e1n adoptando los pa\u00edses miembros.<\/span><\/p>\n<p style=\"padding-left: 40px;\"><span style=\"font-size: 14pt;\"><strong><span style=\"color: #669900;\">Lugar de celebraci\u00f3n:<\/span><\/strong> <a href=\"https:\/\/goo.gl\/maps\/WLL4FPosSmQVCv4d9\" target=\"_blank\" rel=\"noopener\">CaixaBank. Sede All in One Madrid Pl. de Col\u00f3n, 1 (28001 Madrid)<\/a><\/span><\/p>\n<p style=\"padding-left: 40px;\"><span style=\"font-size: 14pt;\"><strong><span style=\"color: #669900;\">Fecha:<\/span> jueves 16 de marzo de 2023<\/strong><\/span><\/p>\n<p style=\"padding-left: 40px;\"><span style=\"font-size: 14pt;\"><strong><span style=\"color: #669900;\">Horario:<\/span><\/strong> 9:30h-13:00h<\/span><\/p>\n<p>&nbsp;<\/p>\n<p><span style=\"font-size: 14pt;\"><div class=\"tx-heading\" style=\"margin-bottom:24px; text-align: left;\"><h2 class=\"tx-heading-tag\" style=\"font-size:24px;\">PROGRAMA<\/h2><\/div><\/span><\/p>\n<p style=\"padding-left: 40px;\"><span style=\"color: #669900; font-size: 14pt;\"><strong>09:30-09:35h <span style=\"color: #000000;\">Presentador (5\u2032)<\/span><\/strong><\/span><\/p>\n<p style=\"padding-left: 40px;\"><span style=\"color: #000000; font-size: 14pt;\">Arturo Larena (Director de EFEverde)<\/span><\/p>\n<p style=\"padding-left: 40px;\"><span style=\"color: #669900; font-size: 14pt;\"><strong>09:35-09:45h <span style=\"color: #000000;\">Bienvenida (10\u2032)<\/span><\/strong><\/span><\/p>\n<p style=\"padding-left: 40px;\"><span style=\"color: #000000; font-size: 14pt;\">Rafael Herrador (Director Territorial Madrid Metropolitana CaixaBank)<\/span><\/p>\n<p style=\"padding-left: 40px;\"><span style=\"color: #669900; font-size: 14pt;\"><strong>09:45-10:00h<span style=\"color: #000000;\"> Introducci\u00f3n \/ Contextualizaci\u00f3n (15\u2032)<\/span><\/strong><\/span><\/p>\n<p style=\"padding-left: 40px;\"><span style=\"color: #000000; font-size: 14pt;\">Salvador Ordo\u00f1ez (CEO World Wood Future)<\/span><\/p>\n<p style=\"padding-left: 40px;\"><span style=\"font-size: 14pt;\"><strong><span style=\"color: #669900;\">10:05-10:50h MESA 1.<\/span>&#8211; <span style=\"color: #000000;\">Retos actuales: eficiencia, compromiso y sostenibilidad. (45\u2032)<\/span><br \/>\n<\/strong><span style=\"color: #5c430a;\"><strong>LA HUELLA DE CARBONO EMPRESARIAL Y SU COMPENSACI\u00d3N<\/strong><\/span><\/span><\/p>\n<p style=\"padding-left: 40px;\"><span style=\"color: #000000; font-size: 14pt;\">Moderador: Susana Posada (Vicepresidenta de DIRSE)<\/span><\/p>\n<ul>\n<li style=\"list-style-type: none;\">\n<ul>\n<li><span style=\"color: #000000; font-size: 14pt;\">Transporte: Javier Carbajo (Vicepresidente Fundaci\u00f3n Corell)<\/span><\/li>\n<li><span style=\"color: #000000; font-size: 14pt;\">Industria: Cristina Urrutia (Responsable Sostenibilidad de Orange)<\/span><\/li>\n<li><span style=\"color: #000000; font-size: 14pt;\">Edificaci\u00f3n:\u00a0Juan Antonio G\u00f3mez-Pintado (Presidente Corporaci\u00f3n V\u00cdA \u00c1GORA)<\/span><\/li>\n<li><span style=\"color: #000000; font-size: 14pt;\">Banca: Alvaro Colino (Director de Coordinaci\u00f3n Productos Negocio Sostenible en CaixaBank)<\/span><\/li>\n<\/ul>\n<\/li>\n<\/ul>\n<p style=\"padding-left: 40px;\"><span style=\"color: #669900; font-size: 14pt;\"><strong>Pausa 20\u2032 \u2013 Caf\u00e9<\/strong><\/span><\/p>\n<p style=\"padding-left: 40px;\"><span style=\"font-size: 14pt;\"><strong><span style=\"color: #669900;\">11:10-11:55h MESA 2.<\/span> <span style=\"color: #000000;\">Soluciones desde el mundo forestal (45\u2032)<\/span><br \/>\n<span style=\"color: #5c430a;\">LOS BOSQUES ESPA\u00d1OLES. SUMIDERO DE CARBONO DONDE COMPENSAR TU HUELLA<\/span><\/strong><\/span><\/p>\n<p style=\"padding-left: 40px;\"><span style=\"color: #000000; font-size: 14pt;\">Moderador: Juan Picos (Director Escuela Forestales de la Universidad Vigo)<\/span><\/p>\n<ul>\n<li style=\"list-style-type: none;\">\n<ul>\n<li><span style=\"color: #000000; font-size: 14pt;\">Enrique Enciso Encinas (Socio Fundador de Grupo Sylvestris)<\/span><\/li>\n<li><span style=\"color: #000000; font-size: 14pt;\">Jos\u00e9 Luis Tom\u00e9 (Director Gerente Agresta)<\/span><\/li>\n<li><span style=\"color: #000000; font-size: 14pt;\">Javier Prieto (Alcalde Piornal, C\u00e1ceres)<\/span><\/li>\n<li><span style=\"color: #000000; font-size: 14pt;\">Francisco Carre\u00f1o (Presidente Confederaci\u00f3n Organizaciones Selvicultores Espa\u00f1a -COSE-)<\/span><\/li>\n<\/ul>\n<\/li>\n<\/ul>\n<p style=\"padding-left: 40px;\"><span style=\"font-size: 14pt;\"><strong><span style=\"color: #669900;\">12:00-12:45h MESA 3.<\/span> <span style=\"color: #000000;\">Propuestas de futuro (45\u2032)<\/span><br \/>\n<span style=\"color: #5c430a;\">LAS INVERSIONES SOCIALMENTE RESPONSABLES (ISR) Y EL SECTOR FORESTAL ESPA\u00d1OL<\/span><\/strong><\/span><\/p>\n<p style=\"padding-left: 40px;\"><span style=\"color: #000000; font-size: 14pt;\">Moderador: Rodrigo G\u00f3mez (Socio y responsable de sostenibilidad de Auren)<\/span><\/p>\n<ul>\n<li style=\"list-style-type: none;\">\n<ul>\n<li><span style=\"color: #000000; font-size: 14pt;\">\u00c1lvaro Picardo (Secretario Foro de Bosques y Cambio Clim\u00e1tico)<\/span><\/li>\n<li><span style=\"color: #000000; font-size: 14pt;\">Elvira Carles (Directora Fundaci\u00f3n Empresa y Clima) .<\/span><\/li>\n<li><span style=\"color: #000000; font-size: 14pt;\">Cipriano Garc\u00eda (DG Caja Rural Zamora)<\/span><\/li>\n<li><span style=\"font-size: 14pt;\"><span style=\"color: #000000;\">Juan Prados (Director General de Generandi)<\/span><img loading=\"lazy\" decoding=\"async\" class=\"alignright wp-image-3347\" src=\"https:\/\/www.fbycc.org\/wp-content\/uploads\/2023\/02\/bosque-300x297.jpg\" alt=\"\" width=\"250\" height=\"248\" srcset=\"https:\/\/www.fbycc.org\/wp-content\/uploads\/2023\/02\/bosque-300x297.jpg 300w, https:\/\/www.fbycc.org\/wp-content\/uploads\/2023\/02\/bosque-150x150.jpg 150w, https:\/\/www.fbycc.org\/wp-content\/uploads\/2023\/02\/bosque-50x50.jpg 50w, https:\/\/www.fbycc.org\/wp-content\/uploads\/2023\/02\/bosque.jpg 428w\" sizes=\"auto, (max-width: 250px) 100vw, 250px\" \/><\/span><\/li>\n<\/ul>\n<\/li>\n<\/ul>\n<p style=\"padding-left: 40px;\"><span style=\"color: #000000; font-size: 14pt;\"><strong><span style=\"color: #669900;\">12:45-12:50h<\/span> Conclusiones y Cierre (5\u2032)<\/strong><\/span><\/p>\n<p style=\"padding-left: 40px;\"><span style=\"color: #000000; font-size: 14pt;\"><strong><span style=\"color: #669900;\">13:00h<\/span> C\u00f3ctel<\/strong><\/span><\/p>\n<p>&nbsp;<\/p>\n<p>&nbsp;<\/p>\n<p><span style=\"font-size: 14pt;\"><div class=\"tx-heading\" style=\"margin-bottom:24px; text-align: left;\"><h2 class=\"tx-heading-tag\" style=\"font-size:24px;\">VIDEOS DEL EVENTO<\/h2><\/div><\/span><\/p>\n<p>&nbsp;<\/p>\n<p style=\"text-align: center;\"><div class=\"tx-youtube-outerwarp\" style=\"width: 100%\"><div class=\"tx-youtube-warp\" style=\"\"><iframe src=\"https:\/\/www.youtube.com\/embed\/BLSl-0wlZoY?controls=1&amp;showinfo=0&amp;rel=0&amp;autoplay=0\" frameborder=\"0\" allow=\"autoplay\" allowfullscreen><\/iframe><\/div><\/div>\n<p>&nbsp;<\/p>\n<p>&nbsp;<\/p>\n<p style=\"text-align: center;\"><div class=\"tx-youtube-outerwarp\" style=\"width: 100%\"><div class=\"tx-youtube-warp\" style=\"\"><iframe src=\"https:\/\/www.youtube.com\/embed\/FbV4_Y_WfFU?controls=1&amp;showinfo=0&amp;rel=0&amp;autoplay=0\" frameborder=\"0\" allow=\"autoplay\" allowfullscreen><\/iframe><\/div><\/div>\n<p>&nbsp;<\/p>\n<p>&nbsp;<\/p>\n<p style=\"text-align: center;\"><span style=\"font-size: 10pt;\">Organizador<\/span><img loading=\"lazy\" decoding=\"async\" class=\"aligncenter wp-image-3333\" src=\"https:\/\/www.fbycc.org\/wp-content\/uploads\/2023\/02\/logo-FBCC_horizontal.jpg\" alt=\"\" width=\"220\" height=\"117\" srcset=\"https:\/\/www.fbycc.org\/wp-content\/uploads\/2023\/02\/logo-FBCC_horizontal.jpg 2413w, https:\/\/www.fbycc.org\/wp-content\/uploads\/2023\/02\/logo-FBCC_horizontal-300x159.jpg 300w, https:\/\/www.fbycc.org\/wp-content\/uploads\/2023\/02\/logo-FBCC_horizontal-1024x543.jpg 1024w, https:\/\/www.fbycc.org\/wp-content\/uploads\/2023\/02\/logo-FBCC_horizontal-768x407.jpg 768w, https:\/\/www.fbycc.org\/wp-content\/uploads\/2023\/02\/logo-FBCC_horizontal-1536x815.jpg 1536w, https:\/\/www.fbycc.org\/wp-content\/uploads\/2023\/02\/logo-FBCC_horizontal-2048x1086.jpg 2048w\" sizes=\"auto, (max-width: 220px) 100vw, 220px\" \/><\/p>\n<p>&nbsp;<\/p>\n<p style=\"text-align: center;\"><span style=\"font-size: 10pt;\">Colaboradores<br \/>\n<\/span><div class=\"tx-row \">\n<div class=\"tx-column tx-column-size-1-3\">\n<p style=\"text-align: center\"><img loading=\"lazy\" decoding=\"async\" class=\"aligncenter wp-image-3331\" src=\"https:\/\/www.fbycc.org\/wp-content\/uploads\/2023\/02\/ASEMFO_250x165.jpg\" alt=\"\" width=\"220\" height=\"145\" \/><\/div>\n<div class=\"tx-column tx-column-size-1-3\">\n<p style=\"text-align: center\"><img loading=\"lazy\" decoding=\"async\" class=\"aligncenter wp-image-3334\" src=\"https:\/\/www.fbycc.org\/wp-content\/uploads\/2023\/02\/logo_FGP.png\" alt=\"\" width=\"220\" height=\"145\" \/><\/div>\n<div class=\"tx-column tx-column-size-1-3\">\n<p>&nbsp;<\/p>\n<p style=\"text-align: center\"><img loading=\"lazy\" decoding=\"async\" class=\"aligncenter wp-image-3335\" src=\"https:\/\/www.fbycc.org\/wp-content\/uploads\/2023\/02\/sylvestris-natural-engineering.png\" alt=\"\" width=\"200\" height=\"58\" \/><\/div>\n<\/div>\n<p>&nbsp;<\/p>\n<p style=\"text-align: center;\"><span style=\"font-size: 10pt;\">Patrocinadores<br \/>\n<\/span><div class=\"tx-row \">\n<div class=\"tx-column tx-column-size-1-3\">\n<p><img loading=\"lazy\" decoding=\"async\" class=\"aligncenter wp-image-3332 size-medium\" src=\"https:\/\/www.fbycc.org\/wp-content\/uploads\/2023\/02\/descarga-300x62.png\" alt=\"\" width=\"300\" height=\"62\" srcset=\"https:\/\/www.fbycc.org\/wp-content\/uploads\/2023\/02\/descarga-300x62.png 300w, https:\/\/www.fbycc.org\/wp-content\/uploads\/2023\/02\/descarga.png 495w\" sizes=\"auto, (max-width: 300px) 100vw, 300px\" \/><\/p>\n<p style=\"text-align: center\"><\/div>\n<div class=\"tx-column tx-column-size-1-3\">\n<p style=\"text-align: center\"><img loading=\"lazy\" decoding=\"async\" class=\"aligncenter wp-image-3378\" src=\"https:\/\/www.fbycc.org\/wp-content\/uploads\/2023\/03\/LOGOTIPO-INTEGRA-AMBIENTAL-copia-300x106.jpg\" alt=\"\" width=\"200\" height=\"71\" srcset=\"https:\/\/www.fbycc.org\/wp-content\/uploads\/2023\/03\/LOGOTIPO-INTEGRA-AMBIENTAL-copia-300x106.jpg 300w, https:\/\/www.fbycc.org\/wp-content\/uploads\/2023\/03\/LOGOTIPO-INTEGRA-AMBIENTAL-copia.jpg 495w\" sizes=\"auto, (max-width: 200px) 100vw, 200px\" \/><\/p>\n<p style=\"text-align: center\"><\/div>\n<div class=\"tx-column tx-column-size-1-3\">\n<p><img loading=\"lazy\" decoding=\"async\" class=\"aligncenter wp-image-3375\" src=\"https:\/\/www.fbycc.org\/wp-content\/uploads\/2023\/03\/logo_igm-copia.png\" alt=\"\" width=\"180\" height=\"122\" \/><\/p>\n<p style=\"text-align: center\"><\/div>\n<\/div>\n<p style=\"text-align: center;\"><div class=\"tx-row \">\n<div class=\"tx-column tx-column-size-1-4\"><img loading=\"lazy\" decoding=\"async\" class=\"aligncenter wp-image-3377\" src=\"https:\/\/www.fbycc.org\/wp-content\/uploads\/2023\/03\/Logo-Foresa_copia.png\" alt=\"\" width=\"180\" height=\"80\" \/><\/div>\n<p style=\"text-align: center\"><div class=\"tx-column tx-column-size-1-4\"><img loading=\"lazy\" decoding=\"async\" class=\"aligncenter wp-image-3379\" src=\"https:\/\/www.fbycc.org\/wp-content\/uploads\/2023\/03\/VALFOR_logo-copia-300x300.jpg\" alt=\"\" width=\"150\" height=\"150\" srcset=\"https:\/\/www.fbycc.org\/wp-content\/uploads\/2023\/03\/VALFOR_logo-copia.jpg 300w, https:\/\/www.fbycc.org\/wp-content\/uploads\/2023\/03\/VALFOR_logo-copia-150x150.jpg 150w, https:\/\/www.fbycc.org\/wp-content\/uploads\/2023\/03\/VALFOR_logo-copia-50x50.jpg 50w, https:\/\/www.fbycc.org\/wp-content\/uploads\/2023\/03\/VALFOR_logo-copia-250x250.jpg 250w\" sizes=\"auto, (max-width: 150px) 100vw, 150px\" \/><\/div>\n<p style=\"text-align: center\"><div class=\"tx-column tx-column-size-1-4\"><img loading=\"lazy\" decoding=\"async\" class=\"aligncenter wp-image-3374\" src=\"https:\/\/www.fbycc.org\/wp-content\/uploads\/2023\/03\/Logo-ALBIOM-copia.jpg\" alt=\"\" width=\"180\" height=\"99\" \/><\/div>\n<p style=\"text-align: center\"><div class=\"tx-column tx-column-size-1-4\"><img loading=\"lazy\" decoding=\"async\" class=\"aligncenter wp-image-3376\" src=\"https:\/\/www.fbycc.org\/wp-content\/uploads\/2023\/03\/Logo-Demontes-copia.png\" alt=\"\" width=\"180\" height=\"98\" \/><\/div>\n<p style=\"text-align: center\"><\/div>\n","protected":false},"excerpt":{"rendered":"<p>&nbsp; Los bosques espa\u00f1oles: Sumideros de carbono para la neutralidad clim\u00e1tica empresarial El objetivo de esta jornada es dar a conocer la importancia de los bosques y las\u00a0oportunidades que ofrece la gesti\u00f3n<a class=\"moretag\" href=\"https:\/\/www.fbycc.org\/index.php\/jornadas\/evento-soluciones-climaticas-forestales\/\">Leer m\u00e1s&#8230;<\/a><\/p>\n","protected":false},"author":2,"featured_media":0,"parent":530,"menu_order":0,"comment_status":"closed","ping_status":"closed","template":"","meta":{"_monsterinsights_skip_tracking":false,"_monsterinsights_sitenote_active":false,"_monsterinsights_sitenote_note":"","_monsterinsights_sitenote_category":0,"footnotes":""},"class_list":["post-3303","page","type-page","status-publish","hentry"],"_links":{"self":[{"href":"https:\/\/www.fbycc.org\/index.php\/wp-json\/wp\/v2\/pages\/3303","targetHints":{"allow":["GET"]}}],"collection":[{"href":"https:\/\/www.fbycc.org\/index.php\/wp-json\/wp\/v2\/pages"}],"about":[{"href":"https:\/\/www.fbycc.org\/index.php\/wp-json\/wp\/v2\/types\/page"}],"author":[{"embeddable":true,"href":"https:\/\/www.fbycc.org\/index.php\/wp-json\/wp\/v2\/users\/2"}],"replies":[{"embeddable":true,"href":"https:\/\/www.fbycc.org\/index.php\/wp-json\/wp\/v2\/comments?post=3303"}],"version-history":[{"count":50,"href":"https:\/\/www.fbycc.org\/index.php\/wp-json\/wp\/v2\/pages\/3303\/revisions"}],"predecessor-version":[{"id":3305,"href":"https:\/\/www.fbycc.org\/index.php\/wp-json\/wp\/v2\/pages\/3303\/revisions\/3305"}],"up":[{"embeddable":true,"href":"https:\/\/www.fbycc.org\/index.php\/wp-json\/wp\/v2\/pages\/530"}],"wp:attachment":[{"href":"https:\/\/www.fbycc.org\/index.php\/wp-json\/wp\/v2\/media?parent=3303"}],"curies":[{"name":"wp","href":"https:\/\/api.w.org\/{rel}","templated":true}]}}