{"id":1925,"date":"2020-10-02T18:53:12","date_gmt":"2020-10-02T18:53:12","guid":{"rendered":"http:\/\/www.fbycc.org\/?page_id=1925"},"modified":"2025-09-15T16:29:46","modified_gmt":"2025-09-15T16:29:46","slug":"la-importancia-de-los-bosques","status":"publish","type":"page","link":"https:\/\/www.fbycc.org\/index.php\/la-importancia-de-los-bosques\/","title":{"rendered":"La importancia de los BOSQUES"},"content":{"rendered":"<p style=\"text-align: justify;\">Seg\u00fan datos de la <em>Evaluaci\u00f3n de los recursos forestales mundiales 2020 <\/em>(FRA 2020) realizada por la FAO los bosques cubren un tercio de la superficie terrestre, lo que equivale a <strong>4.060 millones de hect\u00e1reas<\/strong>. Simplemente el orden de magnitud de esta cifra deber\u00eda bastar para darnos cuenta de la importancia que tienen los bosques como h\u00e1bitats para la biodiversidad (contienen 60.000 especies de \u00e1rboles diferentes, el 80% de las especies de anfibios, el 75% de las especies de aves y el 68% de las especies de mam\u00edferos de la Tierra), como moduladores del ciclo hidrol\u00f3gico o como retenedores de suelo frente a la erosi\u00f3n, constituyendo uno de los elementos m\u00e1s importantes de la biosfera.<\/p>\n<p style=\"text-align: justify;\">Pero tambi\u00e9n resultan fundamentales desde un punto de vista socioecon\u00f3mico. Cerca de <strong>1.600 millones de personas<\/strong> \u2013m\u00e1s del 25% de la poblaci\u00f3n mundial\u2013 dependen de los recursos forestales para sus medios de vida y la mayor\u00eda de ellas aprovecha los \u00e1rboles para obtener alimentos e ingresos. Uno de cada tres hogares del mundo depende de la le\u00f1a como combustible para cocinar. Adem\u00e1s, unos 764 millones de personas utilizan combustible de le\u00f1oso para hervir el agua y limpiarla.<\/p>\n<p style=\"text-align: justify;\">El principal riesgo al que se enfrentan los bosques a nivel mundial es la <strong>deforestaci\u00f3n<\/strong>. Si bien es verdad que determinadas regiones sufren altas tasas de deforestaci\u00f3n (principalmente por la conversi\u00f3n de sus \u00e1reas en terrenos agr\u00edcolas), tambi\u00e9n es cierto que dicha tasa globalmente se est\u00e1 reduciendo; al igual que hay que se\u00f1alar el aumento de la superficie forestal de otras regiones, debido al abandono del medio rural. <sup>[1]<\/sup><\/p>\n<p style=\"text-align: justify;\">En <strong>Espa\u00f1a<\/strong> la superficie forestal ocupa <strong>26,28 millones de hect\u00e1reas<\/strong>, lo que supone el <strong>52% del territorio nacional<\/strong>; y aumenta con una tasa anual de 2,19%. Despu\u00e9s de Suecia y Finlandia, Espa\u00f1a es el tercer pa\u00eds de Europa con mayor superficie forestal arbolada (en torno a 18 millones de hect\u00e1reas). El resto de la superficie, aunque desarbolada presenta formaciones vegetales (matorrales, herb\u00e1ceas, etc.) tambi\u00e9n de importancia por su biomasa y fijaci\u00f3n de carbono.<\/p>\n<p style=\"text-align: justify;\">Apenas existen bosques primarios en nuestro pa\u00eds debido a la secular actividad antr\u00f3pica. En cuanto a las especies que nos encontramos, el <strong>55,5% est\u00e1 compuesto por frondosas, 37% por con\u00edferas, y el 7,5% restante por masas mixtas<\/strong>. Los bosques y otras formaciones vegetales en Espa\u00f1a constituyen un importante h\u00e1bitat para la biodiversidad que ocupa el 68% de la superficie terrestre protegida, y albergan 615 especies silvestres bajo el r\u00e9gimen de Protecci\u00f3n Especial (40,2% son aves y el 27,6% son especies de flora).<sup>[2]<\/sup><\/p>\n<p style=\"text-align: justify;\">Seg\u00fan el Anuario de estad\u00edstica forestal, la <strong>superficie ordenada<\/strong> o sujeta a instrumentos de ordenaci\u00f3n va aumentando en Espa\u00f1a cada a\u00f1o. En 2018 la superficie ordenada aument\u00f3 en casi 43.000 hect\u00e1reas respecto al a\u00f1o anterior, llegando al 18,5% de la superficie forestal. Las siguiente gr\u00e1fica muestra el porcentaje de superficie ordena respecto de la superficie forestal total para cada Comunidad Aut\u00f3noma.<\/p>\n<p><iframe id=\"datawrapper-chart-abpR0\" style=\"width: 0; min-width: 100% !important; border: none;\" title=\"Superficie ordenada respecto al total forestal\" src=\"https:\/\/datawrapper.dwcdn.net\/abpR0\/1\/\" height=\"634\" frameborder=\"0\" scrolling=\"no\" aria-label=\"Bar chart\" data-mce-fragment=\"1\"><\/iframe><script type=\"text\/javascript\">!function(){\"use strict\";window.addEventListener(\"message\",(function(a){if(void 0!==a.data[\"datawrapper-height\"])for(var e in a.data[\"datawrapper-height\"]){var t=document.getElementById(\"datawrapper-chart-\"+e)||document.querySelector(\"iframe[src*='\"+e+\"']\");t&&(t.style.height=a.data[\"datawrapper-height\"][e]+\"px\")}}))}();\n<\/script><\/p>\n<p style=\"text-align: justify;\">Respecto al <strong>aprovechamiento<\/strong>, anualmente crecen en nuestros bosques 45 millones de metros c\u00fabicos de madera; cifra tres veces superior a la cuant\u00eda que es aprovechada (15 M m3\/a\u00f1o). Estos datos se contraponen con las necesidades de importaci\u00f3n que tiene Espa\u00f1a en pr\u00e1cticamente todos los productos forestales de origen maderable (carb\u00f3n vegetal, astillas, madera aserrada, residuos de madera, pasta de papel, etc.)<\/p>\n<p>________________________<\/p>\n<p style=\"text-align: justify;\"><span style=\"font-size: 10pt;\">[1] FAO (2020) Global Forest Resources Assessment 2020: Main report. Rome.\u00a0<\/span><br \/>\n<span style=\"font-size: 10pt;\">[2] Bravo, F., Guijarro, M., C\u00e1mara, A., D\u00edaz Balteiro, L. Fern\u00e1ndez, P., Pajares, J.A., Pem\u00e1n, J., Ruiz Peinado, R. (2017). La situaci\u00f3n de los bosques y el sector forestal en Espa\u00f1a \u2013 ISFE 2017. Ed. SECF.<\/span><\/p>\n","protected":false},"excerpt":{"rendered":"<p>Seg\u00fan datos de la Evaluaci\u00f3n de los recursos forestales mundiales 2020 (FRA 2020) realizada por la FAO los bosques cubren un tercio de la superficie terrestre, lo que equivale a 4.060 millones<a class=\"moretag\" href=\"https:\/\/www.fbycc.org\/index.php\/la-importancia-de-los-bosques\/\">Leer m\u00e1s&#8230;<\/a><\/p>\n","protected":false},"author":2,"featured_media":0,"parent":0,"menu_order":0,"comment_status":"closed","ping_status":"closed","template":"","meta":{"_monsterinsights_skip_tracking":false,"_monsterinsights_sitenote_active":false,"_monsterinsights_sitenote_note":"","_monsterinsights_sitenote_category":0,"footnotes":""},"class_list":["post-1925","page","type-page","status-publish","hentry"],"_links":{"self":[{"href":"https:\/\/www.fbycc.org\/index.php\/wp-json\/wp\/v2\/pages\/1925","targetHints":{"allow":["GET"]}}],"collection":[{"href":"https:\/\/www.fbycc.org\/index.php\/wp-json\/wp\/v2\/pages"}],"about":[{"href":"https:\/\/www.fbycc.org\/index.php\/wp-json\/wp\/v2\/types\/page"}],"author":[{"embeddable":true,"href":"https:\/\/www.fbycc.org\/index.php\/wp-json\/wp\/v2\/users\/2"}],"replies":[{"embeddable":true,"href":"https:\/\/www.fbycc.org\/index.php\/wp-json\/wp\/v2\/comments?post=1925"}],"version-history":[{"count":9,"href":"https:\/\/www.fbycc.org\/index.php\/wp-json\/wp\/v2\/pages\/1925\/revisions"}],"predecessor-version":[{"id":6064,"href":"https:\/\/www.fbycc.org\/index.php\/wp-json\/wp\/v2\/pages\/1925\/revisions\/6064"}],"wp:attachment":[{"href":"https:\/\/www.fbycc.org\/index.php\/wp-json\/wp\/v2\/media?parent=1925"}],"curies":[{"name":"wp","href":"https:\/\/api.w.org\/{rel}","templated":true}]}}