{"id":1553,"date":"2019-03-26T17:29:58","date_gmt":"2019-03-26T17:29:58","guid":{"rendered":"http:\/\/www.fbycc.org\/?page_id=1553"},"modified":"2022-04-05T14:34:13","modified_gmt":"2022-04-05T14:34:13","slug":"propuestas-foro-de-bosques-y-cambio-climatico","status":"publish","type":"page","link":"https:\/\/www.fbycc.org\/index.php\/propuestas-foro-de-bosques-y-cambio-climatico\/","title":{"rendered":"Dec\u00e1logo de propuestas"},"content":{"rendered":"<p style=\"text-align: justify;\"><span style=\"color: #333333;\">\u00a0 \u00a0 \u00a0 \u00a0 Los bosques espa\u00f1oles se plantean desde su multifuncionalidad como un medio para poder abordar los actuales retos sociales, ambientales y econ\u00f3micos, pero para que su aportaci\u00f3n pueda ser efectiva es necesario realizar en ellos una gesti\u00f3n activa. El actual estado de abandono del monte, condicionado principalmente por la escasa rentabilidad de la gesti\u00f3n forestal y por la falta de pol\u00edticas espec\u00edficas de fomento de los montes, es el principal problema de fondo para poder movilizar sus recursos de manera eficiente, eficaz y respetuosa con el medio.<\/span><\/p>\n<p style=\"text-align: justify;\"><span style=\"color: #333333;\">En este sentido, el sector forestal espa\u00f1ol dispone de suficiente materia prima para satisfacer las cada vez m\u00e1s exigentes demandas sociales sin poner en riesgo la sostenibilidad de los sistemas forestales ni comprometer sus otros usos y funciones. Por ello, crear pol\u00edticas activas que incentiven su aprovechamiento racional constituye la primera soluci\u00f3n a los retos planteados en muchas de las \u00e1reas rurales espa\u00f1olas, entre los que se encuentran la despoblaci\u00f3n y la lucha contra el cambio clim\u00e1tico.<\/span><\/p>\n<p style=\"text-align: justify;\"><span style=\"color: #333333;\">La existencia de una actividad econ\u00f3mica sostenible asociada al aprovechamiento y utilizaci\u00f3n de los recursos forestales permitir\u00e1 que la poblaci\u00f3n pueda mantenerse en estas zonas haciendo viable su desarrollo, y convirtiendo a sus gentes en principales valedores del territorio.<\/span><\/p>\n<p style=\"text-align: justify;\"><span style=\"color: #333333;\">Lamentablemente el desconocimiento general de estos hechos y realidades por parte de la sociedad supone una importante barrera para el planteamiento de soluciones, por lo que se considera ineludible reintroducir la cultura y el respeto por lo \u201cforestal\u201d, en una sociedad cada vez m\u00e1s urbana y alejada del entorno rural. Para ello se considera necesario que el monte, su gesti\u00f3n, y los productos y servicios que proporcionan est\u00e9n cada vez m\u00e1s presentes en la vida social y econ\u00f3mica.<\/span><\/p>\n<p style=\"text-align: justify;\"><em><span style=\"color: #333333;\">En consecuencia el Foro de Bosques y Cambio Clim\u00e1tico presenta el siguiente dec\u00e1logo de propuestas dirigida a la sociedad en su conjunto:<\/span><\/em><\/p>\n<table style=\"border-style: hidden;\">\n<tbody>\n<tr>\n<td style=\"width: 81px;\"><\/td>\n<td style=\"width: 409px;\"><span style=\"color: #333333;\"><strong>1.<\/strong>&#8211; <strong>Priorizar el sector forestal como mayor sumidero gestionable de CO2.<\/strong><\/span><\/p>\n<p><span style=\"color: #333333;\"><strong>2.<\/strong>&#8211; <strong>Aplicar los principios b\u00e1sicos de Sostenibilidad de los Recursos Naturales<\/strong> como inspiraci\u00f3n de normativas, planes y programas y en cumplimiento de los ODS: reconocer el papel desempe\u00f1ado por los responsables de los sistemas forestales mantenedores del Capital Natural; asumir no solo que<strong> \u201c<em>quien contamina paga\u201d<\/em><\/strong>, sino que <strong>\u201c<em>quien descontamina, a trav\u00e9s de su actividad o gesti\u00f3n, \u00a0deber\u00eda recibir beneficios tangibles\u201d<\/em>.<\/strong><\/span><\/p>\n<p style=\"text-align: justify;\"><span style=\"color: #333333;\"><strong>3.<\/strong>&#8211; <strong>Impulsar la gesti\u00f3n forestal sostenible con medidas fiscales<\/strong> destinadas a la mejora de la capacidad sumidero de los bosques y a la adaptaci\u00f3n frente al cambio clim\u00e1tico.<\/span><\/p>\n<p style=\"text-align: justify;\"><span style=\"color: #333333;\"><strong>4.<\/strong>&#8211; <strong>Promover el uso de los productos forestales<\/strong> basados en una gesti\u00f3n forestal sostenible, para satisfacer las necesidades de un nuevo modelo de desarrollo basado en la bioeconom\u00eda, generador de empleo y riqueza. En particular impulsar la <strong>construcci\u00f3n<\/strong> con madera y el desarrollo de nuevos <strong>productos sustitutivos de los basados en petr\u00f3leo.<\/strong><\/span><\/p>\n<p style=\"text-align: justify;\"><span style=\"color: #333333;\"><strong>5.<\/strong>&#8211; <strong>Fomentar la demanda de biomasa forestal como energ\u00eda renovable<\/strong> en sustituci\u00f3n de combustibles f\u00f3siles para usos t\u00e9rmicos, el\u00e9ctricos y cogeneraci\u00f3n. Instalar equipos de calefacci\u00f3n con biomasa en edificios de la Administraci\u00f3n General del Estado<\/span><\/p>\n<p style=\"text-align: justify;\"><span style=\"color: #333333;\"><strong>6.<\/strong>&#8211; <strong>Creaci\u00f3n de un Fondo Forestal Nacional<\/strong> u otro mecanismo de compensaci\u00f3n, con objeto de incentivar las externalidades positivas de los montes gestionados para seguir generando servicios ecosist\u00e9micos fundamentales para la humanidad.<\/span><\/p>\n<p style=\"text-align: justify;\"><span style=\"color: #333333;\"><strong>7.<\/strong>&#8211; <strong>Apoyo a la gesti\u00f3n forestal adaptativa<\/strong> que incluya la prevenci\u00f3n de incendios forestales, enfermedades y plagas, que permitan a las formaciones vegetales ejercer plenamente sus funciones como sumideros de carbono. <strong>Adaptaci\u00f3n de los planes hidrol\u00f3gicos de cuencas<\/strong> para garantizar el control del ciclo del agua y la protecci\u00f3n del suelo frente a la erosi\u00f3n.<\/span><\/p>\n<p style=\"text-align: justify;\"><span style=\"color: #333333;\"><strong>8.<\/strong>&#8211; <strong>Fomentar las actuaciones de mejora<\/strong> de las masas forestales asignando m\u00e1s fondos FEDER, FEADER, etc.<\/span><\/p>\n<p style=\"text-align: justify;\"><span style=\"color: #333333;\"><strong>9.<\/strong>&#8211;<strong> Impulso a la investigaci\u00f3n en materia de adaptaci\u00f3n y mitigaci\u00f3n del cambio clim\u00e1tico.<\/strong><\/span><\/p>\n<p style=\"text-align: justify;\"><span style=\"color: #333333;\"><strong>10.<\/strong>&#8211; <strong>Mejorar la<\/strong> <strong>informaci\u00f3n, cultura y percepci\u00f3n sobre la gesti\u00f3n activa del bosque<\/strong> y la generaci\u00f3n de riqueza de las masas forestales. <strong>Coordinaci\u00f3n con otras pol\u00edticas<\/strong>, como Desarrollo Rural, Despoblamiento, Energ\u00eda y Clima, en el que las masas forestales juegan un papel fundamental de forma transversal.<\/span><\/p>\n<\/td>\n<td style=\"width: 81px;\"><\/td>\n<\/tr>\n<\/tbody>\n<\/table>\n<p>&nbsp;<\/p>\n","protected":false},"excerpt":{"rendered":"<p>\u00a0 \u00a0 \u00a0 \u00a0 Los bosques espa\u00f1oles se plantean desde su multifuncionalidad como un medio para poder abordar los actuales retos sociales, ambientales y econ\u00f3micos, pero para que su aportaci\u00f3n pueda ser<a class=\"moretag\" href=\"https:\/\/www.fbycc.org\/index.php\/propuestas-foro-de-bosques-y-cambio-climatico\/\">Leer m\u00e1s&#8230;<\/a><\/p>\n","protected":false},"author":2,"featured_media":0,"parent":0,"menu_order":0,"comment_status":"closed","ping_status":"closed","template":"","meta":{"_monsterinsights_skip_tracking":false,"_monsterinsights_sitenote_active":false,"_monsterinsights_sitenote_note":"","_monsterinsights_sitenote_category":0,"footnotes":""},"class_list":["post-1553","page","type-page","status-publish","hentry"],"_links":{"self":[{"href":"https:\/\/www.fbycc.org\/index.php\/wp-json\/wp\/v2\/pages\/1553","targetHints":{"allow":["GET"]}}],"collection":[{"href":"https:\/\/www.fbycc.org\/index.php\/wp-json\/wp\/v2\/pages"}],"about":[{"href":"https:\/\/www.fbycc.org\/index.php\/wp-json\/wp\/v2\/types\/page"}],"author":[{"embeddable":true,"href":"https:\/\/www.fbycc.org\/index.php\/wp-json\/wp\/v2\/users\/2"}],"replies":[{"embeddable":true,"href":"https:\/\/www.fbycc.org\/index.php\/wp-json\/wp\/v2\/comments?post=1553"}],"version-history":[{"count":28,"href":"https:\/\/www.fbycc.org\/index.php\/wp-json\/wp\/v2\/pages\/1553\/revisions"}],"predecessor-version":[{"id":1960,"href":"https:\/\/www.fbycc.org\/index.php\/wp-json\/wp\/v2\/pages\/1553\/revisions\/1960"}],"wp:attachment":[{"href":"https:\/\/www.fbycc.org\/index.php\/wp-json\/wp\/v2\/media?parent=1553"}],"curies":[{"name":"wp","href":"https:\/\/api.w.org\/{rel}","templated":true}]}}