{"id":1470,"date":"2018-03-16T14:05:58","date_gmt":"2018-03-16T14:05:58","guid":{"rendered":"http:\/\/www.fbycc.org\/?page_id=1470"},"modified":"2022-04-05T14:49:43","modified_gmt":"2022-04-05T14:49:43","slug":"jornada-bosques-madera-y-arquitectura-4-de-abril","status":"publish","type":"page","link":"https:\/\/www.fbycc.org\/index.php\/jornadas\/jornada-bosques-madera-y-arquitectura-4-de-abril\/","title":{"rendered":"Jornada: \u00abBosques, Madera y Arquitectura\u00bb"},"content":{"rendered":"<p style=\"text-align: justify;\"><div class=\"tx-row \">\n<div class=\"tx-column tx-column-size-2-3\">\n<p style=\"text-align: justify\">El sal\u00f3n de actos del Colegio Oficial de Arquitectos de Madrid acogi\u00f3 la jornada \u201c<strong>Bosques, Madera y Arquitectura<\/strong>\u201d, organizada de manera conjunta por el<strong> Foro de Bosques y Cambio Clim\u00e1tico y el COAM<\/strong>, acogi\u00f3 a casi un centenar de expertos e interesados en la tem\u00e1tica.<\/p>\n<p style=\"text-align: justify\">El inter\u00e9s de la jornada fue doble: por un lado mostrar las posibilidades que ofrecen los bosques bajo una gesti\u00f3n sostenible y activa como proveedores de recursos renovables, y mostrar como la madera, como principal recurso resultante de esa gesti\u00f3n, supone una alternativa para su aplicaci\u00f3n en la arquitectura como medio para hacer frente a los retos que implica el cambio clim\u00e1tico.<\/p>\n<p><img loading=\"lazy\" decoding=\"async\" class=\"aligncenter wp-image-1500 size-full\" src=\"http:\/\/www.fbycc.org\/wp-content\/uploads\/2018\/05\/JBMA_1-copia.jpg\" alt=\"\" width=\"600\" height=\"352\" srcset=\"https:\/\/www.fbycc.org\/wp-content\/uploads\/2018\/05\/JBMA_1-copia.jpg 600w, https:\/\/www.fbycc.org\/wp-content\/uploads\/2018\/05\/JBMA_1-copia-300x176.jpg 300w\" sizes=\"auto, (max-width: 600px) 100vw, 600px\" \/><\/p>\n<p style=\"text-align: justify\">La <strong>inauguraci\u00f3n<\/strong> de la jornada corri\u00f3 a cargo <strong><em>Susana Moreno Soriano<\/em><\/strong>, coordinadora del \u00e1rea de sostenibilidad Instituto de Formaci\u00f3n COAM, y <em><strong>Francisco Rodr\u00edguez Mart\u00edn<\/strong><\/em>, presidente del Foro de Bosques y Cambio Clim\u00e1tico afirmando que \u201c<em>si la madera se teme para la construcci\u00f3n es por su desconocimiento, a medida que se conoce m\u00e1s, se conf\u00eda m\u00e1s en ella<\/em>\u201d.<\/p>\n<p style=\"text-align: justify\">La jornada se estructur\u00f3 en dos bloques. El <strong>primer bloque<\/strong> se centr\u00f3 en los bosques como origen de productos sostenibles y renovables. <strong><em>Agust\u00edn Rubio<\/em><\/strong>, Catedr\u00e1tico de la ETSI Montes, Forestal y del Medio Natural de la Universidad Polit\u00e9cnica de Madrid, present\u00f3 la ponencia \u201c<em>situaci\u00f3n de los bosques espa\u00f1oles<\/em>\u201d en la que explic\u00f3 las posibilidades de realizar un uso multifuncional de los mismos que calific\u00f3 de \u201cprotectora, productora y de uso social\u201d.<\/p>\n<p style=\"text-align: justify\"><strong><em>Rafael Calama y Marta Pardos<\/em><\/strong>, Ingenieros de montes e investigadores del CIFOR-INIA, ofrecieron una ponencia bajo el t\u00edtulo \u201cgesti\u00f3n forestal y suministro de madera\u201d. En ella se habl\u00f3 de la importante labor de la ordenaci\u00f3n de los montes. \u201c<em>La gesti\u00f3n nos permite extraer madera y a la vez mejorar nuestros montes<\/em>\u201d, asegur\u00f3 Calama Sainz, para dejar claro que hay que \u201c<em>organizar los montes con leyes econ\u00f3micas sin infringir las leyes ecol\u00f3gicas<\/em>\u201d. Marta Pardos explic\u00f3 en qu\u00e9 consisten las repoblaciones forestales y las distintas t\u00e9cnicas que hay que aplicar para llevarla a cabo.<\/p>\n<p style=\"text-align: justify\">Cerrando este primer bloque, <em><strong>Francisco Arriaga<\/strong><\/em>, Doctor Arquitecto y Catedr\u00e1tico de la ETSIMFMN de la UPM, explic\u00f3 en su ponencia \u201c<em>estructuras de madera<\/em>\u201d la utilizaci\u00f3n de la madera estructural poniendo en evidencia sus ventajas frente a otros materiales como el acero, el hormig\u00f3n o el aluminio, y despej\u00f3 las dudas y miedos que pueden surgir por desconocimiento a priori sobre su empleo.<\/p>\n<p style=\"text-align: justify\">El <strong>segundo bloque<\/strong> se centr\u00f3 en el uso de la madera en la arquitectura. De este modo, <strong><em>Jos\u00e9 Luis Garc\u00eda Grinda<\/em><\/strong>, Doctor Arquitecto Catedr\u00e1tico de la UPM, hizo un recorrido por la historia de la construcci\u00f3n en madera en su ponencia \u201cla madera, historia, tradici\u00f3n y arquitectura\u201d. Mientras que <strong><em>Mar\u00eda Langarita<\/em><\/strong>, del Estudio Langarita-Navarro, mostr\u00f3 su visi\u00f3n y aplicaci\u00f3n de la madera en la nueva arquitectura.<\/p>\n<p style=\"text-align: justify\">Se produjo un interesante y enriquecedor debate durante la mesa redonda que tuvo lugar a continuaci\u00f3n, y que fue moderada por <em><strong>Sergio de la Cruz<\/strong><\/em>, Director t\u00e9cnico del FByCC. Los ponentes y asistentes identificaron el actual estado de abandono del monte, como el principal problema de fondo para poder movilizar de una forma eficiente y eficaz los recursos que provee, y que tiene su origen en la falta de pol\u00edticas espec\u00edficas.<\/p>\n<p style=\"text-align: justify\">En este sentido se concluy\u00f3 que dotar de infraestructuras y equipamientos a las zonas rurales y forestales es imprescindible para evitar la marcha de sus habitantes y asegurar la conservaci\u00f3n de su patrimonio. La existencia de una actividad econ\u00f3mica sostenible asociada al aprovechamiento y utilizaci\u00f3n de los recursos forestales permitir\u00eda que la poblaci\u00f3n pueda mantenerse en estas zonas haciendo viable su desarrollo, y convirtiendo a sus gentes en principales valedores del territorio.<\/p>\n<p style=\"text-align: justify\">La <strong>clausura<\/strong> corri\u00f3 a cargo de <strong><em>Carmen Avil\u00e9s<\/em><\/strong>, Doctora en Ciencias Econ\u00f3micas de la UPM, quien cerr\u00f3 la jornada con un mensaje claro: \u201c<em>Dejemos que la madera forme parte de nuestra vida<\/em>\u201d. Una jornada muy interesante, con la madera como protagonista y material estrat\u00e9gico para la construcci\u00f3n sostenible.<\/p>\n<p><\/p>\n<p style=\"text-align: center\">\n<p><\/p>\n<\/div>\n<div class=\"tx-column tx-column-size-1-3\">\n<img loading=\"lazy\" decoding=\"async\" class=\"aligncenter wp-image-1472 size-medium\" src=\"http:\/\/www.fbycc.org\/wp-content\/uploads\/2018\/03\/Cartel_jornada-212x300.png\" alt=\"\" width=\"212\" height=\"300\" srcset=\"https:\/\/www.fbycc.org\/wp-content\/uploads\/2018\/03\/Cartel_jornada-212x300.png 212w, https:\/\/www.fbycc.org\/wp-content\/uploads\/2018\/03\/Cartel_jornada-768x1086.png 768w, https:\/\/www.fbycc.org\/wp-content\/uploads\/2018\/03\/Cartel_jornada-724x1024.png 724w, https:\/\/www.fbycc.org\/wp-content\/uploads\/2018\/03\/Cartel_jornada.png 1123w\" sizes=\"auto, (max-width: 212px) 100vw, 212px\" \/><\/p>\n<\/div>\n<\/div>\n<p style=\"text-align: center;\">\n","protected":false},"excerpt":{"rendered":"","protected":false},"author":2,"featured_media":0,"parent":530,"menu_order":0,"comment_status":"closed","ping_status":"closed","template":"","meta":{"_monsterinsights_skip_tracking":false,"_monsterinsights_sitenote_active":false,"_monsterinsights_sitenote_note":"","_monsterinsights_sitenote_category":0,"footnotes":""},"class_list":["post-1470","page","type-page","status-publish","hentry"],"_links":{"self":[{"href":"https:\/\/www.fbycc.org\/index.php\/wp-json\/wp\/v2\/pages\/1470","targetHints":{"allow":["GET"]}}],"collection":[{"href":"https:\/\/www.fbycc.org\/index.php\/wp-json\/wp\/v2\/pages"}],"about":[{"href":"https:\/\/www.fbycc.org\/index.php\/wp-json\/wp\/v2\/types\/page"}],"author":[{"embeddable":true,"href":"https:\/\/www.fbycc.org\/index.php\/wp-json\/wp\/v2\/users\/2"}],"replies":[{"embeddable":true,"href":"https:\/\/www.fbycc.org\/index.php\/wp-json\/wp\/v2\/comments?post=1470"}],"version-history":[{"count":14,"href":"https:\/\/www.fbycc.org\/index.php\/wp-json\/wp\/v2\/pages\/1470\/revisions"}],"predecessor-version":[{"id":2590,"href":"https:\/\/www.fbycc.org\/index.php\/wp-json\/wp\/v2\/pages\/1470\/revisions\/2590"}],"up":[{"embeddable":true,"href":"https:\/\/www.fbycc.org\/index.php\/wp-json\/wp\/v2\/pages\/530"}],"wp:attachment":[{"href":"https:\/\/www.fbycc.org\/index.php\/wp-json\/wp\/v2\/media?parent=1470"}],"curies":[{"name":"wp","href":"https:\/\/api.w.org\/{rel}","templated":true}]}}